{"id":1844,"date":"2021-12-15T18:23:35","date_gmt":"2021-12-15T17:23:35","guid":{"rendered":"https:\/\/live.batten-company.com\/imprint\/"},"modified":"2022-05-12T09:12:27","modified_gmt":"2022-05-12T07:12:27","slug":"imprint","status":"publish","type":"page","link":"https:\/\/www.batten-company.com\/en\/imprint\/","title":{"rendered":"Imprint"},"content":{"rendered":"\n<h2 class=\"wp-block-heading\">Kontaktinformationen<\/h2>\n\n<p><strong>Batten &amp; Company GmbH<br\/><\/strong>K\u00f6nigsallee 92<br\/>D-40212 D\u00fcsseldorf<\/p>\n\n<p><strong>Informationen zur schnellen Kontaktaufnahme:<br\/><\/strong>Telefon: +49.211.1379-8291<br\/>Telefax: +49.211.1379-8742<br\/>E-Mail Kontakt:\u00a0<a href=\"javascript:linkTo_UnCryptMailto(%27nbjmup%2BnbjmAcbuufo.dpnqboz%5C%2Fdpn%27);\">mail(at)batten-company.com<\/a><\/p>\n\n<p><strong>Vertretungsberechtigter Gesch\u00e4ftsf\u00fchrer<br\/><\/strong>Dr. Christian von Thaden<\/p>\n\n<p><strong>Register und Registernummer<\/strong><br\/>Registergericht: Amtsgericht D\u00fcsseldorf<br\/>Registernummer: HRB 35786<\/p>\n\n<p><strong>Umsatzsteuer-Identifikationsnummer<\/strong><br\/>Umsatzsteuer-Identifikationsnummer gem\u00e4\u00df \u00a7 27a UStG: DE 192 923 084<\/p>\n\n<p><strong>Inhaltlich verantwortlich gem\u00e4\u00df \u00a7 10 Abs. 3 MDStV<\/strong><br\/>Dr. Christian von Thaden<\/p>\n\n<p><\/p>\n\n<h2 class=\"wp-block-heading\">Urheberrecht<\/h2>\n\n<p>Alle Inhalte (insb. Bilder, Grafiken, Video- und Audiosequenzen) unterliegen dem Urheberrechtsschutz. \u201eBatten &amp; Company GmbH\u201c als Betreiber der Seite ist bem\u00fcht, stets die Urheberrechte anderer zu beachten bzw. auf selbst erstellte sowie lizenzfreie Werke (u. a. von fotolia.de und shutterstock.com) zur\u00fcckzugreifen. Sollte uns dies dennoch nicht vollst\u00e4ndig gelungen sein, m\u00f6chten wir den betroffenen Rechteinhaber bitten, sich mit uns in Verbindung zu setzen. Wir werden uns umgehend um eine korrekte Regelung bem\u00fchen.<\/p>\n\n<p>Die Rechte an Logos und Grafiken liegen bei den jeweiligen Urhebern. Produkt- und Firmennamen sind Marken der jeweiligen Eigent\u00fcmer und werden auf diesen Seiten ausschlie\u00dflich zu Informationszwecken eingesetzt. Beitr\u00e4ge Dritter sind als solche gekennzeichnet.<\/p>\n\n<p>Die Verwendung von Texten, Bilder und Grafiken ist nur mit ausdr\u00fccklicher Genehmigung der Rechteinhaber erlaubt. Inhalte des vorliegenden Online-Auftrittes d\u00fcrfen nur f\u00fcr nichtkommerzielle Informationszwecke genutzt werden. Jede Kopie von Inhalten dieser Seite oder eines Teils davon m\u00fcssen eine urheberrechtliche Erkl\u00e4rung und das urheberrechtliche Schutzzeichen des Betreibers enthalten.<\/p>\n\n<p>Inhalte dieser Seite oder Teile davon d\u00fcrfen nicht ohne schriftliche Zustimmung des Betreibers ver\u00e4ndert werden. Der Betreiber beh\u00e4lt sich das Recht vor, diese Genehmigung jederzeit zu widerrufen, und jede Nutzung muss sofort eingestellt werden, sobald eine schriftliche Bekanntmachung seitens des Betreibers ver\u00f6ffentlicht wird.<\/p>\n\n<p><\/p>\n\n<h2 class=\"wp-block-heading\">Umwelt- und Energiepolicy der Omnicom Holding Germany GmbH<\/h2>\n\n<p><strong>Vision:<\/strong><\/p>\n\n<p>Die Omnicom Holding Germany GmbH tr\u00e4gt Verantwortung und leistet ihren Beitrag zur Erreichung der gesellschaftlichen und politischen Klimaziele. Die Omnicom Holding Germany GmbH und die angeschlossenen Agenturen und Networks streben an, im Bereich Nachhaltigkeit als Branchenf\u00fchrer anerkannt zu werden. Deshalb entwickeln und bieten wir innovative L\u00f6sungen an, die den Bed\u00fcrfnissen unserer Kunden gerecht werden und die zugleich den weltweit g\u00fcltigen Grunds\u00e4tzen von Nachhaltigkeit sowie den Umwelt- und Energieeffizienz-Managementsystemen Rechnung tragen.<\/p>\n\n<p><strong>Unsere Grunds\u00e4tze:<\/strong><\/p>\n\n<p>Wir f\u00fchren unser Gesch\u00e4ft mit dem Bewu\u00dftsein, die nat\u00fcrlichen Ressourcen soweit wie m\u00f6glich zu schonen. Dazu geh\u00f6ren der Respekt und die R\u00fccksichtnahme auf die Umwelt sowie die stetige Verbesserung der eigenen energiebezogenen Leistung und des Corporate Carbon Footprints. Bei Nachhaltigkeits-Themen setzen wir auf eine sichtbare F\u00fchrung, auf Eigenverantwortung und direkte Verantwortlichkeit auf allen Ebenen der Omnicom Holding Germany GmbH und der angeschlossenen Networks. Wir arbeiten st\u00e4ndig an der Verbesserung unserer Gesch\u00e4ftsprozesse und erf\u00fcllen oder \u00fcbertreffen dabei die gesetzlichen Anforderungen und ma\u00dfgeblichen internationalen Standards. Wir liefern Dienstleistungen von hoher Qualit\u00e4t, die unseren Kunden zum Erfolg verhelfen und den Wert des Unternehmens steigern. Wir bieten ein Umfeld, in dem \u00fcber Nachhaltigkeitsfragestellungen offen und vertrauensvoll gesprochen werden kann. Wir sind uns bewu\u00dft, da\u00df die F\u00e4higkeiten unserer Mitarbeiter und deren Einbindung wesentliche Voraussetzungen sind, um die Bed\u00fcrfnisse unseres Unternehmens und unserer Kunden zu verstehen und zu befriedigen. Wir stellen die Ressourcen bereit, die f\u00fcr die Erreichung dieser Ziele notwendig sind.<\/p>\n\n<p><strong>Unsere Zusage:<\/strong><\/p>\n\n<p>Um diese Grunds\u00e4tze zu befolgen, werden die Omnicom Holding Germany GmbH und die angeschlossenen Networks<\/p>\n\n<ul class=\"wp-block-list\"><li>Nachhaltigkeitsbelange in die Gesch\u00e4ftsprozesse unserer Organisationseinheiten und dabei insbesondere die Beschaffung einbeziehen;<\/li><li>Nachhaltigkeit wirkungsvoll umsetzen durch die Entwicklung, Etablierung und Erhaltung eines prozessorientierten integrierten Managementsystems, das bew\u00e4hrten Standards entspricht;<\/li><li>die Nachhaltigkeitsrisiken f\u00fcr unser Gesch\u00e4ft \u00fcber den gesamten Entwicklungs- und Lebenszyklus unserer Dienstleistungen hinweg stetig bewerten und begrenzen;<\/li><li>die Nachhaltigkeitsleistung messen und j\u00e4hrliche sowie l\u00e4ngerfristige Nachhaltigkeitsziele festlegen, um so kontinuierliche und dauerhafte Verbesserungen zu erreichen;<\/li><li>die Einhaltung interner und externer Anforderungen durch Audits \u00fcberpr\u00fcfen und nach der Erf\u00fcllung internationaler Standards wie ISO 14001 und ISO 50001 streben;<\/li><li>sich mit Nachhaltigkeitsfragen und deren Auswirkungen auf Arbeitspraktiken, Prozesse und Produkte befassen, damit unsere Gesch\u00e4ftst\u00e4tigkeit in Einklang mit den Erwartungen der \u00d6ffentlichkeit und unserer Kunden steht;<\/li><li>das Bewu\u00dftsein f\u00fcr Nachhaltigkeit steigern und das Vertrauen aller unserem Unternehmen verbundenen Personengruppen durch Kommunikation, Schulung und Beratung erh\u00f6hen;<\/li><li>jeden Mitarbeiter in Bezug auf seinen Einsatz f\u00fcr Nachhaltigkeitsbelange und die Befolgung unserer Grunds\u00e4tze in die Pflicht nehmen.<\/li><\/ul>\n\n<p><\/p>\n\n<h2 class=\"wp-block-heading\">Haftungshinweis<\/h2>\n\n<p>\u201eBatten &amp; Company GmbH\u201c als Betreiber des Online-Auftrittes \u00fcbernimmt keinerlei Gew\u00e4hr f\u00fcr Richtigkeit, Vollst\u00e4ndigkeit und Aktualit\u00e4t der enthaltenen Informationen sowie der Verf\u00fcgbarkeit der Dienste und haftet auch nicht f\u00fcr Folgesch\u00e4den, die auf einer Nutzung des Angebotes beruhen.<\/p>\n\n<p>Soweit ein Haftungsausschluss nicht in Betracht kommt, haften die Betreiber lediglich f\u00fcr grobe Fahrl\u00e4ssigkeit und Vorsatz. Produkt- und Firmennamen sind Marken der jeweiligen Eigent\u00fcmer und werden auf diesen Seiten ausschlie\u00dflich zu Informationszwecken eingesetzt.<\/p>\n\n<p>F\u00fcr Internetseiten Dritter, auf die dieses Angebot durch sog. Links verweist, tragen die jeweiligen Anbieter die Verantwortung. Der Betreiber ist f\u00fcr den Inhalt solcher Seiten Dritter nicht verantwortlich.<\/p>\n\n<p>Desweiteren kann die Web-Seite ohne unser Wissen von anderen Seiten mittels sog. Links angelinkt werden. Der Betreiber \u00fcbernimmt keine Verantwortung f\u00fcr Darstellungen, Inhalt oder irgendeine Verbindung zu dieser Web-Seite in Web-Seiten Dritter.<\/p>\n\n<p>F\u00fcr fremde Inhalte ist der Betreiber nur dann verantwortlich, wenn von ihnen (d. h. auch von einem rechtswidrigen oder strafbaren Inhalt) positive Kenntnis vorliegt und es technisch m\u00f6glich und zumutbar ist, deren Nutzung zu verhindern. Der Betreiber ist nach dem Teledienstgesetz jedoch nicht verpflichtet, die fremden Inhalte st\u00e4ndig zu \u00fcberpr\u00fcfen.<\/p>\n\n<p><\/p>\n\n<h2 class=\"wp-block-heading\">Bildnachweise<\/h2>\n\n<h4 class=\"wp-block-heading\">Customer Analytics<\/h4>\n\n<p>Icons made by\u00a0<a href=\"https:\/\/www.flaticon.com\/authors\/smashicons\" target=\"_blank\" rel=\"noreferrer noopener\">Smashicons<\/a>\u00a0from\u00a0<a href=\"https:\/\/www.flaticon.com\/\" target=\"_blank\" rel=\"noreferrer noopener\">www.flaticon.com<\/a>\u00a0is licensed by\u00a0<a href=\"http:\/\/creativecommons.org\/licenses\/by\/3.0\/\" target=\"_blank\" rel=\"noreferrer noopener\">CC 3.0 BY<\/a><\/p>\n\n<h4 class=\"wp-block-heading\">Brand Management<\/h4>\n\n<p>Icons made by\u00a0<a href=\"https:\/\/www.flaticon.com\/authors\/smashicons\" target=\"_blank\" rel=\"noreferrer noopener\">Smashicons<\/a>\u00a0from\u00a0<a href=\"https:\/\/www.flaticon.com\/\" target=\"_blank\" rel=\"noreferrer noopener\">www.flaticon.com<\/a>\u00a0is licensed by\u00a0<a href=\"http:\/\/creativecommons.org\/licenses\/by\/3.0\/\" target=\"_blank\" rel=\"noreferrer noopener\">CC 3.0 BY<\/a><\/p>\n\n<h4 class=\"wp-block-heading\">Marketing &amp; Sales Automation<\/h4>\n\n<p>Icons made by\u00a0<a href=\"http:\/\/www.freepik.com\/\" target=\"_blank\" rel=\"noreferrer noopener\">Freepik<\/a>\u00a0from\u00a0<a href=\"https:\/\/www.flaticon.com\/\" target=\"_blank\" rel=\"noreferrer noopener\">www.flaticon.com<\/a>\u00a0is licensed by\u00a0<a href=\"http:\/\/creativecommons.org\/licenses\/by\/3.0\/\" target=\"_blank\" rel=\"noreferrer noopener\">CC 3.0 BY<\/a><\/p>\n\n<h4 class=\"wp-block-heading\">Business Transformation<\/h4>\n\n<p>Icons made by\u00a0<a href=\"https:\/\/www.flaticon.com\/authors\/gregor-cresnar\" target=\"_blank\" rel=\"noreferrer noopener\">Gregor Cresnar<\/a>\u00a0from\u00a0<a href=\"https:\/\/www.flaticon.com\/\" target=\"_blank\" rel=\"noreferrer noopener\">www.flaticon.com<\/a>\u00a0is licensed by\u00a0<a href=\"http:\/\/creativecommons.org\/licenses\/by\/3.0\/\" target=\"_blank\" rel=\"noreferrer noopener\">CC 3.0 BY<\/a><\/p>\n\n<h4 class=\"wp-block-heading\">Marketing &amp; Sales Organisation<\/h4>\n\n<p>Icons made by\u00a0<a href=\"http:\/\/www.freepik.com\/\" target=\"_blank\" rel=\"noreferrer noopener\">Freepik<\/a>\u00a0from\u00a0<a href=\"https:\/\/www.flaticon.com\/\" target=\"_blank\" rel=\"noreferrer noopener\">www.flaticon.com<\/a>\u00a0is licensed by\u00a0<a href=\"http:\/\/creativecommons.org\/licenses\/by\/3.0\/\" target=\"_blank\" rel=\"noreferrer noopener\">CC 3.0 BY<\/a><\/p>\n","protected":false},"excerpt":{"rendered":"<p>Kontaktinformationen Batten &amp; Company GmbHK\u00f6nigsallee 92D-40212 D\u00fcsseldorf Informationen zur schnellen Kontaktaufnahme:Telefon: +49.211.1379-8291Telefax: +49.211.1379-8742E-Mail Kontakt:\u00a0mail(at)batten-company.com Vertretungsberechtigter Gesch\u00e4ftsf\u00fchrerDr. Christian von Thaden Register und RegisternummerRegistergericht: Amtsgericht D\u00fcsseldorfRegisternummer: HRB 35786 Umsatzsteuer-IdentifikationsnummerUmsatzsteuer-Identifikationsnummer gem\u00e4\u00df \u00a7 27a UStG: DE 192 923 084 Inhaltlich verantwortlich gem\u00e4\u00df \u00a7 10 Abs. 3 MDStVDr. Christian von Thaden Urheberrecht Alle Inhalte (insb. Bilder, Grafiken, Video- und Audiosequenzen) [&hellip;]<\/p>\n","protected":false},"author":12,"featured_media":0,"parent":0,"menu_order":0,"comment_status":"closed","ping_status":"closed","template":"","meta":{"_acf_changed":false,"footnotes":""},"class_list":["post-1844","page","type-page","status-publish","hentry"],"acf":[],"yoast_head":"<title>Imprint - Batten &amp; Company \u2013 die f\u00fchrende strategische Unternehmensberatung<\/title>\n<meta name=\"robots\" content=\"index, follow, max-snippet:-1, max-image-preview:large, max-video-preview:-1\" \/>\n<link rel=\"canonical\" href=\"https:\/\/www.batten-company.com\/en\/imprint\/\" \/>\n<meta property=\"og:locale\" content=\"en_US\" \/>\n<meta property=\"og:type\" content=\"article\" \/>\n<meta property=\"og:title\" content=\"Imprint - Batten &amp; Company \u2013 die f\u00fchrende strategische Unternehmensberatung\" \/>\n<meta property=\"og:description\" content=\"Kontaktinformationen Batten &amp; Company GmbHK\u00f6nigsallee 92D-40212 D\u00fcsseldorf Informationen zur schnellen Kontaktaufnahme:Telefon: +49.211.1379-8291Telefax: +49.211.1379-8742E-Mail Kontakt:\u00a0mail(at)batten-company.com Vertretungsberechtigter Gesch\u00e4ftsf\u00fchrerDr. Christian von Thaden Register und RegisternummerRegistergericht: Amtsgericht D\u00fcsseldorfRegisternummer: HRB 35786 Umsatzsteuer-IdentifikationsnummerUmsatzsteuer-Identifikationsnummer gem\u00e4\u00df \u00a7 27a UStG: DE 192 923 084 Inhaltlich verantwortlich gem\u00e4\u00df \u00a7 10 Abs. 3 MDStVDr. Christian von Thaden Urheberrecht Alle Inhalte (insb. Bilder, Grafiken, Video- und Audiosequenzen) [&hellip;]\" \/>\n<meta property=\"og:url\" content=\"https:\/\/www.batten-company.com\/en\/imprint\/\" \/>\n<meta property=\"og:site_name\" content=\"Batten &amp; Company \u2013 die f\u00fchrende strategische Unternehmensberatung\" \/>\n<meta property=\"article:publisher\" content=\"https:\/\/de-de.facebook.com\/batten.company\" \/>\n<meta property=\"article:modified_time\" content=\"2022-05-12T07:12:27+00:00\" \/>\n<meta name=\"twitter:card\" content=\"summary_large_image\" \/>\n<meta name=\"twitter:label1\" content=\"Est. reading time\" \/>\n\t<meta name=\"twitter:data1\" content=\"3 minutes\" \/>\n<script type=\"application\/ld+json\" class=\"yoast-schema-graph\">{\"@context\":\"https:\\\/\\\/schema.org\",\"@graph\":[{\"@type\":\"WebPage\",\"@id\":\"https:\\\/\\\/www.batten-company.com\\\/en\\\/imprint\\\/\",\"url\":\"https:\\\/\\\/www.batten-company.com\\\/en\\\/imprint\\\/\",\"name\":\"Imprint - Batten &amp; Company \u2013 die f\u00fchrende strategische Unternehmensberatung\",\"isPartOf\":{\"@id\":\"https:\\\/\\\/www.batten-company.com\\\/en\\\/#website\"},\"datePublished\":\"2021-12-15T17:23:35+00:00\",\"dateModified\":\"2022-05-12T07:12:27+00:00\",\"breadcrumb\":{\"@id\":\"https:\\\/\\\/www.batten-company.com\\\/en\\\/imprint\\\/#breadcrumb\"},\"inLanguage\":\"en-US\",\"potentialAction\":[{\"@type\":\"ReadAction\",\"target\":[\"https:\\\/\\\/www.batten-company.com\\\/en\\\/imprint\\\/\"]}]},{\"@type\":\"BreadcrumbList\",\"@id\":\"https:\\\/\\\/www.batten-company.com\\\/en\\\/imprint\\\/#breadcrumb\",\"itemListElement\":[{\"@type\":\"ListItem\",\"position\":1,\"name\":\"Startseite\",\"item\":\"https:\\\/\\\/www.batten-company.com\\\/en\\\/\"},{\"@type\":\"ListItem\",\"position\":2,\"name\":\"Imprint\"}]},{\"@type\":\"WebSite\",\"@id\":\"https:\\\/\\\/www.batten-company.com\\\/en\\\/#website\",\"url\":\"https:\\\/\\\/www.batten-company.com\\\/en\\\/\",\"name\":\"Batten &amp; Company \u2013 die f\u00fchrende strategische Unternehmensberatung\",\"description\":\"\",\"publisher\":{\"@id\":\"https:\\\/\\\/www.batten-company.com\\\/en\\\/#organization\"},\"potentialAction\":[{\"@type\":\"SearchAction\",\"target\":{\"@type\":\"EntryPoint\",\"urlTemplate\":\"https:\\\/\\\/www.batten-company.com\\\/en\\\/?s={search_term_string}\"},\"query-input\":{\"@type\":\"PropertyValueSpecification\",\"valueRequired\":true,\"valueName\":\"search_term_string\"}}],\"inLanguage\":\"en-US\"},{\"@type\":\"Organization\",\"@id\":\"https:\\\/\\\/www.batten-company.com\\\/en\\\/#organization\",\"name\":\"Batten & Company GmbH\",\"url\":\"https:\\\/\\\/www.batten-company.com\\\/en\\\/\",\"logo\":{\"@type\":\"ImageObject\",\"inLanguage\":\"en-US\",\"@id\":\"https:\\\/\\\/www.batten-company.com\\\/en\\\/#\\\/schema\\\/logo\\\/image\\\/\",\"url\":\"https:\\\/\\\/www.batten-company.com\\\/wp-content\\\/uploads\\\/2022\\\/06\\\/BC_logo_claim_300dpi-1.png\",\"contentUrl\":\"https:\\\/\\\/www.batten-company.com\\\/wp-content\\\/uploads\\\/2022\\\/06\\\/BC_logo_claim_300dpi-1.png\",\"width\":2324,\"height\":434,\"caption\":\"Batten & Company GmbH\"},\"image\":{\"@id\":\"https:\\\/\\\/www.batten-company.com\\\/en\\\/#\\\/schema\\\/logo\\\/image\\\/\"},\"sameAs\":[\"https:\\\/\\\/de-de.facebook.com\\\/batten.company\",\"https:\\\/\\\/www.instagram.com\\\/accounts\\\/onetap\\\/?next=battenandcompany\"]}]}<\/script>","yoast_head_json":{"title":"Imprint - Batten &amp; Company \u2013 die f\u00fchrende strategische Unternehmensberatung","robots":{"index":"index","follow":"follow","max-snippet":"max-snippet:-1","max-image-preview":"max-image-preview:large","max-video-preview":"max-video-preview:-1"},"canonical":"https:\/\/www.batten-company.com\/en\/imprint\/","og_locale":"en_US","og_type":"article","og_title":"Imprint - Batten &amp; Company \u2013 die f\u00fchrende strategische Unternehmensberatung","og_description":"Kontaktinformationen Batten &amp; Company GmbHK\u00f6nigsallee 92D-40212 D\u00fcsseldorf Informationen zur schnellen Kontaktaufnahme:Telefon: +49.211.1379-8291Telefax: +49.211.1379-8742E-Mail Kontakt:\u00a0mail(at)batten-company.com Vertretungsberechtigter Gesch\u00e4ftsf\u00fchrerDr. Christian von Thaden Register und RegisternummerRegistergericht: Amtsgericht D\u00fcsseldorfRegisternummer: HRB 35786 Umsatzsteuer-IdentifikationsnummerUmsatzsteuer-Identifikationsnummer gem\u00e4\u00df \u00a7 27a UStG: DE 192 923 084 Inhaltlich verantwortlich gem\u00e4\u00df \u00a7 10 Abs. 3 MDStVDr. Christian von Thaden Urheberrecht Alle Inhalte (insb. Bilder, Grafiken, Video- und Audiosequenzen) [&hellip;]","og_url":"https:\/\/www.batten-company.com\/en\/imprint\/","og_site_name":"Batten &amp; Company \u2013 die f\u00fchrende strategische Unternehmensberatung","article_publisher":"https:\/\/de-de.facebook.com\/batten.company","article_modified_time":"2022-05-12T07:12:27+00:00","twitter_card":"summary_large_image","twitter_misc":{"Est. reading time":"3 minutes"},"schema":{"@context":"https:\/\/schema.org","@graph":[{"@type":"WebPage","@id":"https:\/\/www.batten-company.com\/en\/imprint\/","url":"https:\/\/www.batten-company.com\/en\/imprint\/","name":"Imprint - Batten &amp; Company \u2013 die f\u00fchrende strategische Unternehmensberatung","isPartOf":{"@id":"https:\/\/www.batten-company.com\/en\/#website"},"datePublished":"2021-12-15T17:23:35+00:00","dateModified":"2022-05-12T07:12:27+00:00","breadcrumb":{"@id":"https:\/\/www.batten-company.com\/en\/imprint\/#breadcrumb"},"inLanguage":"en-US","potentialAction":[{"@type":"ReadAction","target":["https:\/\/www.batten-company.com\/en\/imprint\/"]}]},{"@type":"BreadcrumbList","@id":"https:\/\/www.batten-company.com\/en\/imprint\/#breadcrumb","itemListElement":[{"@type":"ListItem","position":1,"name":"Startseite","item":"https:\/\/www.batten-company.com\/en\/"},{"@type":"ListItem","position":2,"name":"Imprint"}]},{"@type":"WebSite","@id":"https:\/\/www.batten-company.com\/en\/#website","url":"https:\/\/www.batten-company.com\/en\/","name":"Batten &amp; Company \u2013 die f\u00fchrende strategische Unternehmensberatung","description":"","publisher":{"@id":"https:\/\/www.batten-company.com\/en\/#organization"},"potentialAction":[{"@type":"SearchAction","target":{"@type":"EntryPoint","urlTemplate":"https:\/\/www.batten-company.com\/en\/?s={search_term_string}"},"query-input":{"@type":"PropertyValueSpecification","valueRequired":true,"valueName":"search_term_string"}}],"inLanguage":"en-US"},{"@type":"Organization","@id":"https:\/\/www.batten-company.com\/en\/#organization","name":"Batten & Company GmbH","url":"https:\/\/www.batten-company.com\/en\/","logo":{"@type":"ImageObject","inLanguage":"en-US","@id":"https:\/\/www.batten-company.com\/en\/#\/schema\/logo\/image\/","url":"https:\/\/www.batten-company.com\/wp-content\/uploads\/2022\/06\/BC_logo_claim_300dpi-1.png","contentUrl":"https:\/\/www.batten-company.com\/wp-content\/uploads\/2022\/06\/BC_logo_claim_300dpi-1.png","width":2324,"height":434,"caption":"Batten & Company GmbH"},"image":{"@id":"https:\/\/www.batten-company.com\/en\/#\/schema\/logo\/image\/"},"sameAs":["https:\/\/de-de.facebook.com\/batten.company","https:\/\/www.instagram.com\/accounts\/onetap\/?next=battenandcompany"]}]}},"_links":{"self":[{"href":"https:\/\/www.batten-company.com\/en\/wp-json\/wp\/v2\/pages\/1844","targetHints":{"allow":["GET"]}}],"collection":[{"href":"https:\/\/www.batten-company.com\/en\/wp-json\/wp\/v2\/pages"}],"about":[{"href":"https:\/\/www.batten-company.com\/en\/wp-json\/wp\/v2\/types\/page"}],"author":[{"embeddable":true,"href":"https:\/\/www.batten-company.com\/en\/wp-json\/wp\/v2\/users\/12"}],"replies":[{"embeddable":true,"href":"https:\/\/www.batten-company.com\/en\/wp-json\/wp\/v2\/comments?post=1844"}],"version-history":[{"count":0,"href":"https:\/\/www.batten-company.com\/en\/wp-json\/wp\/v2\/pages\/1844\/revisions"}],"wp:attachment":[{"href":"https:\/\/www.batten-company.com\/en\/wp-json\/wp\/v2\/media?parent=1844"}],"curies":[{"name":"wp","href":"https:\/\/api.w.org\/{rel}","templated":true}]}}